{"id":3901,"date":"2022-04-21T11:17:07","date_gmt":"2022-04-21T09:17:07","guid":{"rendered":"https:\/\/eobjects.wpwork.ab-date.de\/?page_id=3901"},"modified":"2024-09-11T14:41:40","modified_gmt":"2024-09-11T12:41:40","slug":"eobjects-technologie","status":"publish","type":"page","link":"https:\/\/eobjects.de\/?page_id=3901","title":{"rendered":"eObjects Technologie &#8211; die Basis"},"content":{"rendered":"\t\t<div data-elementor-type=\"wp-page\" data-elementor-id=\"3901\" class=\"elementor elementor-3901\" data-elementor-post-type=\"page\">\n\t\t\t\t\t\t<section class=\"elementor-section elementor-top-section elementor-element elementor-element-370aa58 elementor-section-full_width elementor-section-height-default elementor-section-height-default\" data-id=\"370aa58\" data-element_type=\"section\" data-e-type=\"section\">\n\t\t\t\t\t\t<div class=\"elementor-container elementor-column-gap-default\">\n\t\t\t\t\t<div class=\"elementor-column elementor-col-100 elementor-top-column elementor-element elementor-element-bd419da elementor-invisible\" data-id=\"bd419da\" data-element_type=\"column\" data-e-type=\"column\" data-settings=\"{&quot;animation&quot;:&quot;fadeIn&quot;}\">\n\t\t\t<div class=\"elementor-widget-wrap\">\n\t\t\t\t\t\t\t<\/div>\n\t\t<\/div>\n\t\t\t\t\t<\/div>\n\t\t<\/section>\n\t\t\t\t<section class=\"elementor-section elementor-top-section elementor-element elementor-element-5d8fdedc elementor-section-full_width elementor-section-items-top elementor-section-height-min-height elementor-section-stretched elementor-section-height-default\" data-id=\"5d8fdedc\" data-element_type=\"section\" data-e-type=\"section\" data-settings=\"{&quot;background_background&quot;:&quot;classic&quot;,&quot;stretch_section&quot;:&quot;section-stretched&quot;}\">\n\t\t\t\t\t\t\t<div class=\"elementor-background-overlay\"><\/div>\n\t\t\t\t\t\t\t<div class=\"elementor-container elementor-column-gap-default\">\n\t\t\t\t\t<div class=\"elementor-column elementor-col-100 elementor-top-column elementor-element elementor-element-1153956d\" data-id=\"1153956d\" data-element_type=\"column\" data-e-type=\"column\">\n\t\t\t<div class=\"elementor-widget-wrap elementor-element-populated\">\n\t\t\t\t\t\t<section class=\"elementor-section elementor-inner-section elementor-element elementor-element-84dda7a elementor-section-full_width elementor-section-content-top elementor-section-height-default elementor-section-height-default\" data-id=\"84dda7a\" data-element_type=\"section\" data-e-type=\"section\" data-settings=\"{&quot;background_background&quot;:&quot;gradient&quot;}\">\n\t\t\t\t\t\t<div class=\"elementor-container elementor-column-gap-default\">\n\t\t\t\t\t<div class=\"elementor-column elementor-col-50 elementor-inner-column elementor-element elementor-element-f166039\" data-id=\"f166039\" data-element_type=\"column\" data-e-type=\"column\">\n\t\t\t<div class=\"elementor-widget-wrap\">\n\t\t\t\t\t\t\t<\/div>\n\t\t<\/div>\n\t\t\t\t<div class=\"elementor-column elementor-col-50 elementor-inner-column elementor-element elementor-element-81ae81f\" data-id=\"81ae81f\" data-element_type=\"column\" data-e-type=\"column\">\n\t\t\t<div class=\"elementor-widget-wrap elementor-element-populated\">\n\t\t\t\t\t\t<div class=\"elementor-element elementor-element-229a604 elementor-widget__width-inherit elementor-widget elementor-widget-heading\" data-id=\"229a604\" data-element_type=\"widget\" data-e-type=\"widget\" data-widget_type=\"heading.default\">\n\t\t\t\t<div class=\"elementor-widget-container\">\n\t\t\t\t\t<h1 class=\"elementor-heading-title elementor-size-xl\">Leistungsstarke AB_DATE Technologie f\u00fcr ma\u00dfgeschneiderte L\u00f6sungen<\/h1>\t\t\t\t<\/div>\n\t\t\t\t<\/div>\n\t\t\t\t\t<\/div>\n\t\t<\/div>\n\t\t\t\t\t<\/div>\n\t\t<\/section>\n\t\t\t\t\t<\/div>\n\t\t<\/div>\n\t\t\t\t\t<\/div>\n\t\t<\/section>\n\t\t\t\t<section class=\"elementor-section elementor-top-section elementor-element elementor-element-8fa408f elementor-section-full_width elementor-section-height-default elementor-section-height-default\" data-id=\"8fa408f\" data-element_type=\"section\" data-e-type=\"section\">\n\t\t\t\t\t\t<div class=\"elementor-container elementor-column-gap-default\">\n\t\t\t\t\t<div class=\"elementor-column elementor-col-100 elementor-top-column elementor-element elementor-element-d251069\" data-id=\"d251069\" data-element_type=\"column\" data-e-type=\"column\">\n\t\t\t<div class=\"elementor-widget-wrap elementor-element-populated\">\n\t\t\t\t\t\t<section class=\"elementor-section elementor-inner-section elementor-element elementor-element-f0567cc elementor-section-boxed elementor-section-height-default elementor-section-height-default\" data-id=\"f0567cc\" data-element_type=\"section\" data-e-type=\"section\">\n\t\t\t\t\t\t<div class=\"elementor-container elementor-column-gap-default\">\n\t\t\t\t\t<div class=\"elementor-column elementor-col-100 elementor-inner-column elementor-element elementor-element-1aec55b\" data-id=\"1aec55b\" data-element_type=\"column\" data-e-type=\"column\">\n\t\t\t<div class=\"elementor-widget-wrap elementor-element-populated\">\n\t\t\t\t\t\t<div class=\"elementor-element elementor-element-7f97931 elementor-widget elementor-widget-heading\" data-id=\"7f97931\" data-element_type=\"widget\" data-e-type=\"widget\" data-widget_type=\"heading.default\">\n\t\t\t\t<div class=\"elementor-widget-container\">\n\t\t\t\t\t<h2 class=\"elementor-heading-title elementor-size-default\">WORK ON PROGRESS<\/h2>\t\t\t\t<\/div>\n\t\t\t\t<\/div>\n\t\t\t\t<div class=\"elementor-element elementor-element-42b4463 elementor-widget elementor-widget-text-editor\" data-id=\"42b4463\" data-element_type=\"widget\" data-e-type=\"widget\" data-widget_type=\"text-editor.default\">\n\t\t\t\t<div class=\"elementor-widget-container\">\n\t\t\t\t\t\t\t\t\t<p>Sie m\u00f6chten schnell, mit einer einfach erlernbaren und flexibel anpassbaren L\u00f6sung zu Planungsergebnissen kommen, Massen oder Kosten ermitteln.<br \/>Sie w\u00fcrden gerne ihre eigenen Bauteile als CAD Objekte kreieren und die von Ihnen gew\u00fcnschten Konstruktionsdaten an diesen Elementen speichern.<br \/>F\u00fcr Ihre interdisziplin\u00e4re Zusammenarbeit mit anderen Gewerken m\u00f6chten Sie Bauteil Informationen schnell filtern und \u00fcbersichtlich zusammenstellen.<br \/>Sie verf\u00fcgen \u00fcber Bestandsdaten, aus denen Sie gerne mehr Nutzen ziehen w\u00fcrden.<br \/>Sie interessieren sich f\u00fcr eine innovative L\u00f6sung, da Standard Software Ihre Erwartungen nicht mehr erf\u00fcllt. \u00a0<\/p>\t\t\t\t\t\t\t\t<\/div>\n\t\t\t\t<\/div>\n\t\t\t\t\t<\/div>\n\t\t<\/div>\n\t\t\t\t\t<\/div>\n\t\t<\/section>\n\t\t\t\t\t<\/div>\n\t\t<\/div>\n\t\t\t\t\t<\/div>\n\t\t<\/section>\n\t\t\t\t<section class=\"elementor-section elementor-top-section elementor-element elementor-element-fe51225 elementor-section-content-middle elementor-reverse-mobile elementor-section-boxed elementor-section-height-default elementor-section-height-default\" data-id=\"fe51225\" data-element_type=\"section\" data-e-type=\"section\">\n\t\t\t\t\t\t<div class=\"elementor-container elementor-column-gap-default\">\n\t\t\t\t\t<div class=\"elementor-column elementor-col-66 elementor-top-column elementor-element elementor-element-adecef2\" data-id=\"adecef2\" data-element_type=\"column\" data-e-type=\"column\">\n\t\t\t<div class=\"elementor-widget-wrap elementor-element-populated\">\n\t\t\t\t\t\t<div class=\"elementor-element elementor-element-0f824eb elementor-widget elementor-widget-heading\" data-id=\"0f824eb\" data-element_type=\"widget\" data-e-type=\"widget\" data-widget_type=\"heading.default\">\n\t\t\t\t<div class=\"elementor-widget-container\">\n\t\t\t\t\t<h2 class=\"elementor-heading-title elementor-size-default\">LEISTUNGSSTARKE TECHNOLOGIE<\/h2>\t\t\t\t<\/div>\n\t\t\t\t<\/div>\n\t\t\t\t<div class=\"elementor-element elementor-element-025a594 elementor-widget elementor-widget-text-editor\" data-id=\"025a594\" data-element_type=\"widget\" data-e-type=\"widget\" data-widget_type=\"text-editor.default\">\n\t\t\t\t<div class=\"elementor-widget-container\">\n\t\t\t\t\t\t\t\t\t<p><span style=\"font-size: 15px;letter-spacing: 0px\">Eingesetzt im Bereich: Anlagenbau, <\/span><span style=\"font-size: 15px;letter-spacing: 0px\">Architektur und Bauwesen, Brandschutz,\u00a0 Geb\u00e4udemanagement, Ladenbau, Messebau, R\u00fcckbauplanung<\/span><\/p>\t\t\t\t\t\t\t\t<\/div>\n\t\t\t\t<\/div>\n\t\t\t\t<div class=\"elementor-element elementor-element-928ffba elementor-widget elementor-widget-heading\" data-id=\"928ffba\" data-element_type=\"widget\" data-e-type=\"widget\" data-widget_type=\"heading.default\">\n\t\t\t\t<div class=\"elementor-widget-container\">\n\t\t\t\t\t<h2 class=\"elementor-heading-title elementor-size-default\">SICHERN SIE IHREN ERFOLG <\/h2>\t\t\t\t<\/div>\n\t\t\t\t<\/div>\n\t\t\t\t<div class=\"elementor-element elementor-element-6dcccdc elementor-widget elementor-widget-text-editor\" data-id=\"6dcccdc\" data-element_type=\"widget\" data-e-type=\"widget\" data-widget_type=\"text-editor.default\">\n\t\t\t\t<div class=\"elementor-widget-container\">\n\t\t\t\t\t\t\t\t\t<div>\n<div>\n<p>Durch den Einsatz der innovativen eObjects Technologie f\u00fchren Sie Ihr Unternehmen zu gr\u00f6\u00dferer Leistungsf\u00e4higkeit und Effizienz.<\/p>\n<p>Beispiele&nbsp; bei denen unsere eObjects Technologie unsere Kunden bei der Durchf\u00fchrung ihrer Aufgaben unterst\u00fctzt:<\/p>\n<ul><li>Architektur und Bauwesen<\/li>\n<li>Geb\u00e4udemanagement<\/li><li>Brandschutz<\/li>\n<li>R\u00fcckbauplanung<\/li>\n<\/ul>\n<p>Unsere Technologie erm\u00f6glicht es, individuell auf Ihr Unternehmen zugeschnittene L\u00f6sungen einzusetzen.<\/p>\n<p>Lernen Sie die Vorz\u00fcge der Freiheit und Flexibilit\u00e4t der eObjects Technologie L\u00f6sungen im Vergleich zu Standard Software kennen und steigern Sie auf diesem Weg die Produktivit\u00e4t entlang Ihrer Wertsch\u00f6pfungskette.<\/p>\n<\/div>\n<\/div>\t\t\t\t\t\t\t\t<\/div>\n\t\t\t\t<\/div>\n\t\t\t\t\t<\/div>\n\t\t<\/div>\n\t\t\t\t<div class=\"elementor-column elementor-col-33 elementor-top-column elementor-element elementor-element-68b24e0\" data-id=\"68b24e0\" data-element_type=\"column\" data-e-type=\"column\">\n\t\t\t<div class=\"elementor-widget-wrap elementor-element-populated\">\n\t\t\t\t\t\t<div class=\"elementor-element elementor-element-ade8d55 elementor-widget elementor-widget-image\" data-id=\"ade8d55\" data-element_type=\"widget\" data-e-type=\"widget\" loading=\"lazy\" data-widget_type=\"image.default\">\n\t\t\t\t<div class=\"elementor-widget-container\">\n\t\t\t\t\t\t\t\t\t\t\t\t\t\t\t\t<a href=\"https:\/\/ab-date.de\/?page_id=1884\" target=\"_blank\">\n\t\t\t\t\t\t\t<img fetchpriority=\"high\" decoding=\"async\" width=\"300\" height=\"218\" src=\"https:\/\/eobjects.de\/wp-content\/uploads\/sites\/13\/2021\/08\/Fotolia_40755062_M-300x218.jpg\" class=\"attachment-medium size-medium wp-image-2436\" alt=\"Produkte\" srcset=\"https:\/\/eobjects.de\/wp-content\/uploads\/sites\/13\/2021\/08\/Fotolia_40755062_M-300x218.jpg 300w, https:\/\/eobjects.de\/wp-content\/uploads\/sites\/13\/2021\/08\/Fotolia_40755062_M-1024x743.jpg 1024w, https:\/\/eobjects.de\/wp-content\/uploads\/sites\/13\/2021\/08\/Fotolia_40755062_M-768x557.jpg 768w, https:\/\/eobjects.de\/wp-content\/uploads\/sites\/13\/2021\/08\/Fotolia_40755062_M-1536x1115.jpg 1536w, https:\/\/eobjects.de\/wp-content\/uploads\/sites\/13\/2021\/08\/Fotolia_40755062_M-160x116.jpg 160w, https:\/\/eobjects.de\/wp-content\/uploads\/sites\/13\/2021\/08\/Fotolia_40755062_M.jpg 1618w\" sizes=\"(max-width: 300px) 100vw, 300px\" \/>\t\t\t\t\t\t\t\t<\/a>\n\t\t\t\t\t\t\t\t\t\t\t\t\t\t\t<\/div>\n\t\t\t\t<\/div>\n\t\t\t\t\t<\/div>\n\t\t<\/div>\n\t\t\t\t\t<\/div>\n\t\t<\/section>\n\t\t\t\t<section class=\"elementor-section elementor-top-section elementor-element elementor-element-3248438 elementor-section-boxed elementor-section-height-default elementor-section-height-default\" data-id=\"3248438\" data-element_type=\"section\" data-e-type=\"section\">\n\t\t\t\t\t\t<div class=\"elementor-container elementor-column-gap-default\">\n\t\t\t\t\t<div class=\"elementor-column elementor-col-100 elementor-top-column elementor-element elementor-element-e0f2669\" data-id=\"e0f2669\" data-element_type=\"column\" data-e-type=\"column\">\n\t\t\t<div class=\"elementor-widget-wrap elementor-element-populated\">\n\t\t\t\t\t\t<section class=\"elementor-section elementor-inner-section elementor-element elementor-element-42d9d7f elementor-section-boxed elementor-section-height-default elementor-section-height-default\" data-id=\"42d9d7f\" data-element_type=\"section\" data-e-type=\"section\">\n\t\t\t\t\t\t<div class=\"elementor-container elementor-column-gap-default\">\n\t\t\t\t\t<div class=\"elementor-column elementor-col-50 elementor-inner-column elementor-element elementor-element-8da8f7f\" data-id=\"8da8f7f\" data-element_type=\"column\" data-e-type=\"column\">\n\t\t\t<div class=\"elementor-widget-wrap\">\n\t\t\t\t\t\t\t<\/div>\n\t\t<\/div>\n\t\t\t\t<div class=\"elementor-column elementor-col-50 elementor-inner-column elementor-element elementor-element-c3f30c1\" data-id=\"c3f30c1\" data-element_type=\"column\" data-e-type=\"column\">\n\t\t\t<div class=\"elementor-widget-wrap\">\n\t\t\t\t\t\t\t<\/div>\n\t\t<\/div>\n\t\t\t\t\t<\/div>\n\t\t<\/section>\n\t\t\t\t\t<\/div>\n\t\t<\/div>\n\t\t\t\t\t<\/div>\n\t\t<\/section>\n\t\t\t\t<section class=\"elementor-section elementor-top-section elementor-element elementor-element-3ec27bac elementor-section-boxed elementor-section-height-default elementor-section-height-default\" data-id=\"3ec27bac\" data-element_type=\"section\" data-e-type=\"section\" data-settings=\"{&quot;background_background&quot;:&quot;gradient&quot;,&quot;shape_divider_bottom&quot;:&quot;arrow&quot;,&quot;shape_divider_bottom_negative&quot;:&quot;yes&quot;}\">\n\t\t\t\t\t<div class=\"elementor-shape elementor-shape-bottom\" aria-hidden=\"true\" data-negative=\"true\">\n\t\t\t<svg xmlns=\"http:\/\/www.w3.org\/2000\/svg\" viewBox=\"0 0 700 10\" preserveAspectRatio=\"none\">\n\t<path class=\"elementor-shape-fill\" d=\"M360 0L350 9.9 340 0 0 0 0 10 700 10 700 0\"\/>\n<\/svg>\t\t<\/div>\n\t\t\t\t\t<div class=\"elementor-container elementor-column-gap-default\">\n\t\t\t\t\t<div class=\"elementor-column elementor-col-100 elementor-top-column elementor-element elementor-element-6de93e45\" data-id=\"6de93e45\" data-element_type=\"column\" data-e-type=\"column\">\n\t\t\t<div class=\"elementor-widget-wrap\">\n\t\t\t\t\t\t\t<\/div>\n\t\t<\/div>\n\t\t\t\t\t<\/div>\n\t\t<\/section>\n\t\t\t\t<\/div>\n\t\t","protected":false},"excerpt":{"rendered":"<p>Leistungsstarke AB_DATE Technologie f\u00fcr ma\u00dfgeschneiderte L\u00f6sungen WORK ON PROGRESS Sie m\u00f6chten schnell, mit einer einfach erlernbaren und flexibel anpassbaren L\u00f6sung zu Planungsergebnissen kommen, Massen oder Kosten ermitteln.Sie w\u00fcrden gerne ihre eigenen Bauteile als CAD Objekte kreieren und die von Ihnen gew\u00fcnschten Konstruktionsdaten an diesen Elementen speichern.F\u00fcr Ihre interdisziplin\u00e4re Zusammenarbeit mit anderen Gewerken m\u00f6chten Sie Bauteil [&hellip;]<\/p>\n","protected":false},"author":10,"featured_media":0,"parent":0,"menu_order":0,"comment_status":"closed","ping_status":"closed","template":"elementor_header_footer","meta":{"ocean_post_layout":"full-screen","ocean_both_sidebars_style":"","ocean_both_sidebars_content_width":0,"ocean_both_sidebars_sidebars_width":0,"ocean_sidebar":"0","ocean_second_sidebar":"0","ocean_disable_margins":"enable","ocean_add_body_class":"","ocean_shortcode_before_top_bar":"","ocean_shortcode_after_top_bar":"","ocean_shortcode_before_header":"","ocean_shortcode_after_header":"","ocean_has_shortcode":"","ocean_shortcode_after_title":"","ocean_shortcode_before_footer_widgets":"","ocean_shortcode_after_footer_widgets":"","ocean_shortcode_before_footer_bottom":"","ocean_shortcode_after_footer_bottom":"","ocean_display_top_bar":"default","ocean_display_header":"default","ocean_header_style":"","ocean_center_header_left_menu":"0","ocean_custom_header_template":"0","ocean_custom_logo":0,"ocean_custom_retina_logo":0,"ocean_custom_logo_max_width":0,"ocean_custom_logo_tablet_max_width":0,"ocean_custom_logo_mobile_max_width":0,"ocean_custom_logo_max_height":0,"ocean_custom_logo_tablet_max_height":0,"ocean_custom_logo_mobile_max_height":0,"ocean_header_custom_menu":"0","ocean_menu_typo_font_family":"0","ocean_menu_typo_font_subset":"","ocean_menu_typo_font_size":0,"ocean_menu_typo_font_size_tablet":0,"ocean_menu_typo_font_size_mobile":0,"ocean_menu_typo_font_size_unit":"px","ocean_menu_typo_font_weight":"","ocean_menu_typo_font_weight_tablet":"","ocean_menu_typo_font_weight_mobile":"","ocean_menu_typo_transform":"","ocean_menu_typo_transform_tablet":"","ocean_menu_typo_transform_mobile":"","ocean_menu_typo_line_height":0,"ocean_menu_typo_line_height_tablet":0,"ocean_menu_typo_line_height_mobile":0,"ocean_menu_typo_line_height_unit":"","ocean_menu_typo_spacing":0,"ocean_menu_typo_spacing_tablet":0,"ocean_menu_typo_spacing_mobile":0,"ocean_menu_typo_spacing_unit":"","ocean_menu_link_color":"","ocean_menu_link_color_hover":"","ocean_menu_link_color_active":"","ocean_menu_link_background":"","ocean_menu_link_hover_background":"","ocean_menu_link_active_background":"","ocean_menu_social_links_bg":"","ocean_menu_social_hover_links_bg":"","ocean_menu_social_links_color":"","ocean_menu_social_hover_links_color":"","ocean_disable_title":"on","ocean_disable_heading":"default","ocean_post_title":"","ocean_post_subheading":"","ocean_post_title_style":"","ocean_post_title_background_color":"","ocean_post_title_background":0,"ocean_post_title_bg_image_position":"","ocean_post_title_bg_image_attachment":"","ocean_post_title_bg_image_repeat":"","ocean_post_title_bg_image_size":"","ocean_post_title_height":0,"ocean_post_title_bg_overlay":0.5,"ocean_post_title_bg_overlay_color":"","ocean_disable_breadcrumbs":"default","ocean_breadcrumbs_color":"","ocean_breadcrumbs_separator_color":"","ocean_breadcrumbs_links_color":"","ocean_breadcrumbs_links_hover_color":"","ocean_display_footer_widgets":"default","ocean_display_footer_bottom":"default","ocean_custom_footer_template":"0","footnotes":""},"class_list":["post-3901","page","type-page","status-publish","hentry","entry"],"aioseo_notices":[],"_links":{"self":[{"href":"https:\/\/eobjects.de\/index.php?rest_route=\/wp\/v2\/pages\/3901","targetHints":{"allow":["GET"]}}],"collection":[{"href":"https:\/\/eobjects.de\/index.php?rest_route=\/wp\/v2\/pages"}],"about":[{"href":"https:\/\/eobjects.de\/index.php?rest_route=\/wp\/v2\/types\/page"}],"author":[{"embeddable":true,"href":"https:\/\/eobjects.de\/index.php?rest_route=\/wp\/v2\/users\/10"}],"replies":[{"embeddable":true,"href":"https:\/\/eobjects.de\/index.php?rest_route=%2Fwp%2Fv2%2Fcomments&post=3901"}],"version-history":[{"count":29,"href":"https:\/\/eobjects.de\/index.php?rest_route=\/wp\/v2\/pages\/3901\/revisions"}],"predecessor-version":[{"id":4154,"href":"https:\/\/eobjects.de\/index.php?rest_route=\/wp\/v2\/pages\/3901\/revisions\/4154"}],"wp:attachment":[{"href":"https:\/\/eobjects.de\/index.php?rest_route=%2Fwp%2Fv2%2Fmedia&parent=3901"}],"curies":[{"name":"wp","href":"https:\/\/api.w.org\/{rel}","templated":true}]}}